
{"id":174,"date":"2023-04-20T16:51:41","date_gmt":"2023-04-20T14:51:41","guid":{"rendered":"https:\/\/metalvit.it\/?page_id=174"},"modified":"2026-04-11T08:49:42","modified_gmt":"2026-04-11T06:49:42","slug":"the-company","status":"publish","type":"page","link":"https:\/\/metalvit.it\/en\/azienda\/","title":{"rendered":"The company"},"content":{"rendered":"<p>[et_pb_section fb_built=&#8221;1&#8243; _builder_version=&#8221;4.21.0&#8243; background_color=&#8221;#0B3D2C&#8221; background_enable_pattern_style=&#8221;on&#8221; background_pattern_style=&#8221;diagonal-stripes-2&#8243; custom_padding=&#8221;0px||30px||false|false&#8221; saved_tabs=&#8221;all&#8221; global_colors_info=&#8221;{}&#8221;][et_pb_row _builder_version=&#8221;4.20.4&#8243; custom_padding=&#8221;50px||0px||false|false&#8221; global_colors_info=&#8221;{}&#8221;][et_pb_column type=&#8221;4_4&#8243; _builder_version=&#8221;4.16&#8243; custom_padding=&#8221;|||&#8221; global_colors_info=&#8221;{}&#8221; custom_padding__hover=&#8221;|||&#8221;][et_pb_post_title meta=&#8221;off&#8221; featured_image=&#8221;off&#8221; _builder_version=&#8221;4.21.0&#8243; title_font=&#8221;|700|||||||&#8221; title_text_align=&#8221;left&#8221; title_text_color=&#8221;#ffffff&#8221; title_font_size=&#8221;63px&#8221; title_line_height=&#8221;1.5em&#8221; width=&#8221;100%&#8221; custom_padding=&#8221;0px||0px||true|false&#8221; title_font_size_tablet=&#8221;50px&#8221; title_font_size_phone=&#8221;50px&#8221; title_font_size_last_edited=&#8221;on|phone&#8221; global_colors_info=&#8221;{}&#8221;][\/et_pb_post_title][\/et_pb_column][\/et_pb_row][\/et_pb_section][et_pb_section fb_built=&#8221;1&#8243; _builder_version=&#8221;4.20.0&#8243; _module_preset=&#8221;default&#8221; custom_padding=&#8221;100px||100px||true|&#8221; global_colors_info=&#8221;{}&#8221;][et_pb_row _builder_version=&#8221;4.20.4&#8243; _module_preset=&#8221;default&#8221; custom_padding=&#8221;||3px|||&#8221; global_colors_info=&#8221;{}&#8221;][et_pb_column type=&#8221;4_4&#8243; _builder_version=&#8221;4.20.4&#8243; _module_preset=&#8221;default&#8221; global_colors_info=&#8221;{}&#8221;][et_pb_text _builder_version=&#8221;4.20.4&#8243; header_font=&#8221;|800|||||||&#8221; header_text_align=&#8221;left&#8221; header_text_color=&#8221;#000000&#8243; header_font_size=&#8221;50px&#8221; header_line_height=&#8221;1.4em&#8221; header_2_font=&#8221;Montserrat|800|||||||&#8221; header_2_text_align=&#8221;left&#8221; header_2_text_color=&#8221;#2F3241&#8243; header_2_font_size=&#8221;35px&#8221; header_2_line_height=&#8221;1.4em&#8221; header_3_font=&#8221;Montserrat|800|||||||&#8221; header_3_text_align=&#8221;left&#8221; header_3_text_color=&#8221;#2F3241&#8243; header_3_font_size=&#8221;35px&#8221; header_3_line_height=&#8221;1.4em&#8221; header_4_font=&#8221;Montserrat|800|||||||&#8221; header_4_text_align=&#8221;left&#8221; header_4_text_color=&#8221;#2F3241&#8243; header_4_font_size=&#8221;35px&#8221; header_4_line_height=&#8221;1.4em&#8221; header_5_font=&#8221;Montserrat|800|||||||&#8221; header_5_text_align=&#8221;left&#8221; header_5_text_color=&#8221;#2F3241&#8243; header_5_font_size=&#8221;35px&#8221; header_5_line_height=&#8221;1.4em&#8221; header_6_font=&#8221;Montserrat|800|||||||&#8221; header_6_text_align=&#8221;left&#8221; header_6_text_color=&#8221;#2F3241&#8243; header_6_font_size=&#8221;35px&#8221; header_6_line_height=&#8221;1.4em&#8221; custom_margin=&#8221;||-5px|||&#8221; global_colors_info=&#8221;{}&#8221;]<\/p>\n<h1>Chi siamo<\/h1>\n<p>[\/et_pb_text][et_pb_divider color=&#8221;#2A7D2E&#8221; divider_weight=&#8221;3px&#8221; _builder_version=&#8221;4.20.4&#8243; _module_preset=&#8221;default&#8221; custom_margin=&#8221;||8px|||&#8221; global_colors_info=&#8221;{}&#8221;][\/et_pb_divider][\/et_pb_column][\/et_pb_row][et_pb_row column_structure=&#8221;1_2,1_2&#8243; use_custom_gutter=&#8221;on&#8221; make_equal=&#8221;on&#8221; _builder_version=&#8221;4.20.0&#8243; _module_preset=&#8221;default&#8221; global_colors_info=&#8221;{}&#8221;][et_pb_column type=&#8221;1_2&#8243; module_class=&#8221;vertical-align&#8221; _builder_version=&#8221;4.20.0&#8243; _module_preset=&#8221;default&#8221; global_colors_info=&#8221;{}&#8221;][et_pb_text _builder_version=&#8221;4.21.0&#8243; text_font_size=&#8221;18px&#8221; text_line_height=&#8221;1.8em&#8221; header_font=&#8221;Nunito Sans||||||||&#8221; header_text_align=&#8221;left&#8221; header_text_color=&#8221;#5499D4&#8243; header_font_size=&#8221;16px&#8221; header_line_height=&#8221;2.1em&#8221; header_2_font=&#8221;Montserrat|800|||||||&#8221; header_2_text_align=&#8221;left&#8221; header_2_text_color=&#8221;#2F3241&#8243; header_2_font_size=&#8221;35px&#8221; header_2_line_height=&#8221;1.4em&#8221; header_3_font=&#8221;Montserrat|800|||||||&#8221; header_3_text_align=&#8221;left&#8221; header_3_text_color=&#8221;#2F3241&#8243; header_3_font_size=&#8221;35px&#8221; header_3_line_height=&#8221;1.4em&#8221; header_4_font=&#8221;Montserrat|800|||||||&#8221; header_4_text_align=&#8221;left&#8221; header_4_text_color=&#8221;#2F3241&#8243; header_4_font_size=&#8221;35px&#8221; header_4_line_height=&#8221;1.4em&#8221; header_5_font=&#8221;Montserrat|800|||||||&#8221; header_5_text_align=&#8221;left&#8221; header_5_text_color=&#8221;#2F3241&#8243; header_5_font_size=&#8221;35px&#8221; header_5_line_height=&#8221;1.4em&#8221; header_6_font=&#8221;Montserrat|800|||||||&#8221; header_6_text_align=&#8221;left&#8221; header_6_text_color=&#8221;#2F3241&#8243; header_6_font_size=&#8221;35px&#8221; header_6_line_height=&#8221;1.4em&#8221; text_orientation=&#8221;justified&#8221; custom_margin=&#8221;-10px|||&#8221; global_colors_info=&#8221;{}&#8221;]<\/p>\n<p>METALVIT nasce nel corso degli anni \u201950 in un piccolo paese alle porte di Milano.<\/p>\n<p>In quasi 70 anni di esperienza ha saputo crescere giorno dopo giorno incrementando il proprio fatturato e la propria tecnologia grazie a un know-how sempre moderno ed efficace che le ha permesso di commercializzare i suoi prodotti in diversi Paesi.<br \/>La grande passione, lo spirito imprenditoriale dei suoi fondatori cos\u00ec come il rispetto dell\u2019ambiente e la costante ricerca del raggiungimento di standard qualitativi sempre pi\u00f9 richiesti dal settore, sono divenuti un punto di forza ed un\u2019irrinunciabile priorit\u00e0 della politica aziendale.<br \/>L\u2019attivit\u00e0 si dedica da sempre alla produzione di elementi di fissaggio in acciaio al carbonio, dalle viti unificate a cava ai particolari speciali a disegno ad alto contenuto tecnologico, ottenuti specializzandosi nella tecnica dello stampaggio a freddo; l\u2019impiego dei prodotti interessa una vasta gamma di settori come l\u2019 Automotive, il Settore Agricolo e Movimento Terra, l\u2019Impiantistica Industriale e l\u2019Edilizia.<br \/>Il vasto assortimento offerto dal magazzino permette un servizio rapido ed efficace che ha portato METALVIT a divenire sempre pi\u00f9 un punto di rifermento fondamentale per i suoi Clienti.<\/p>\n<p>[\/et_pb_text][\/et_pb_column][et_pb_column type=&#8221;1_2&#8243; module_class=&#8221;vertical-align&#8221; _builder_version=&#8221;4.20.0&#8243; _module_preset=&#8221;default&#8221; global_colors_info=&#8221;{}&#8221;][et_pb_image src=&#8221;https:\/\/metalvit.it\/wp-content\/uploads\/2023\/04\/foto2.jpg&#8221; title_text=&#8221;foto2&#8243; align=&#8221;center&#8221; align_tablet=&#8221;center&#8221; align_phone=&#8221;center&#8221; align_last_edited=&#8221;on|desktop&#8221; _builder_version=&#8221;4.20.4&#8243; animation_style=&#8221;fade&#8221; animation_delay=&#8221;400ms&#8221; box_shadow_style=&#8221;preset4&#8243; box_shadow_color=&#8221;#2A7D2E&#8221; global_colors_info=&#8221;{}&#8221;][\/et_pb_image][\/et_pb_column][\/et_pb_row][\/et_pb_section][et_pb_section fb_built=&#8221;1&#8243; _builder_version=&#8221;4.20.4&#8243; background_color=&#8221;#2A7D2E&#8221; use_background_color_gradient=&#8221;on&#8221; background_color_gradient_stops=&#8221;rgba(42,125,46,0.72) 0%|#2a7d2e 99%&#8221; background_color_gradient_overlays_image=&#8221;on&#8221; background_image=&#8221;https:\/\/metalvit.it\/wp-content\/uploads\/2023\/02\/hero.png&#8221; custom_margin=&#8221;|||&#8221; custom_padding=&#8221;106px||230px||false|false&#8221; bottom_divider_height=&#8221;140px&#8221; animation_style=&#8221;fade&#8221; animation_delay=&#8221;400ms&#8221; global_colors_info=&#8221;{}&#8221;][et_pb_row _builder_version=&#8221;4.16&#8243; custom_padding=&#8221;14px|0px|45px|0px|false|false&#8221; global_colors_info=&#8221;{}&#8221;][et_pb_column type=&#8221;4_4&#8243; _builder_version=&#8221;4.16&#8243; custom_padding=&#8221;|||&#8221; global_colors_info=&#8221;{}&#8221; custom_padding__hover=&#8221;|||&#8221;][et_pb_text _builder_version=&#8221;4.21.0&#8243; header_font=&#8221;|800|||||||&#8221; header_text_align=&#8221;center&#8221; header_text_color=&#8221;#FFFFFF&#8221; header_font_size=&#8221;100px&#8221; header_line_height=&#8221;1.4em&#8221; header_2_font=&#8221;Montserrat|800|||||||&#8221; header_2_text_align=&#8221;left&#8221; header_2_text_color=&#8221;#2F3241&#8243; header_2_font_size=&#8221;35px&#8221; header_2_line_height=&#8221;1.4em&#8221; header_3_font=&#8221;Montserrat|800|||||||&#8221; header_3_text_align=&#8221;left&#8221; header_3_text_color=&#8221;#2F3241&#8243; header_3_font_size=&#8221;35px&#8221; header_3_line_height=&#8221;1.4em&#8221; header_4_font=&#8221;Montserrat|800|||||||&#8221; header_4_text_align=&#8221;left&#8221; header_4_text_color=&#8221;#2F3241&#8243; header_4_font_size=&#8221;35px&#8221; header_4_line_height=&#8221;1.4em&#8221; header_5_font=&#8221;Montserrat|800|||||||&#8221; header_5_text_align=&#8221;left&#8221; header_5_text_color=&#8221;#2F3241&#8243; header_5_font_size=&#8221;35px&#8221; header_5_line_height=&#8221;1.4em&#8221; header_6_font=&#8221;Montserrat|800|||||||&#8221; header_6_text_align=&#8221;left&#8221; header_6_text_color=&#8221;#2F3241&#8243; header_6_font_size=&#8221;35px&#8221; header_6_line_height=&#8221;1.4em&#8221; header_font_size_tablet=&#8221;95px&#8221; header_font_size_phone=&#8221;50px&#8221; header_font_size_last_edited=&#8221;on|phone&#8221; global_colors_info=&#8221;{}&#8221;]<\/p>\n<h1>I nostri punti di forza<\/h1>\n<p>[\/et_pb_text][\/et_pb_column][\/et_pb_row][et_pb_row column_structure=&#8221;1_3,1_3,1_3&#8243; use_custom_gutter=&#8221;on&#8221; gutter_width=&#8221;1&#8243; make_equal=&#8221;on&#8221; _builder_version=&#8221;4.20.4&#8243; background_color=&#8221;#0B3D2C&#8221; background_enable_pattern_style=&#8221;on&#8221; background_pattern_style=&#8221;diagonal-stripes-2&#8243; custom_padding=&#8221;53px||53px||true|&#8221; custom_width_px=&#8221;1300px&#8221; global_colors_info=&#8221;{}&#8221;][et_pb_column type=&#8221;1_3&#8243; _builder_version=&#8221;4.16&#8243; custom_padding=&#8221;|||&#8221; global_colors_info=&#8221;{}&#8221; custom_padding__hover=&#8221;|||&#8221;][et_pb_blurb title=&#8221;SEMPRE AL PASSO.&#8221; image=&#8221;https:\/\/metalvit.it\/wp-content\/uploads\/2026\/04\/creativity1.png&#8221; image_icon_width=&#8221;28%&#8221; _builder_version=&#8221;4.27.6&#8243; header_font=&#8221;Nunito Sans|700|||||||&#8221; header_text_align=&#8221;center&#8221; header_text_color=&#8221;#ffffff&#8221; header_font_size=&#8221;20px&#8221; header_line_height=&#8221;1.4em&#8221; body_font=&#8221;Nunito Sans||||||||&#8221; body_text_align=&#8221;center&#8221; body_text_color=&#8221;#ffffff&#8221; body_font_size=&#8221;18px&#8221; custom_margin_tablet=&#8221;30px||||false|false&#8221; custom_margin_phone=&#8221;30px||||false|false&#8221; custom_margin_last_edited=&#8221;on|phone&#8221; custom_padding=&#8221;|11px||11px||true&#8221; hover_enabled=&#8221;0&#8243; border_width_right=&#8221;1px&#8221; border_color_right=&#8221;rgba(255,255,255,0.3)&#8221; border_width_left=&#8221;1px&#8221; border_color_left=&#8221;rgba(0,0,0,0)&#8221; image_max_width=&#8221;28%&#8221; global_colors_info=&#8221;{}&#8221; title_text=&#8221;creativity1&#8243; sticky_enabled=&#8221;0&#8243;]<\/p>\n<p><span>La METALVIT vanta un know-how tecnico, moderno ed efficace che gli permette una produzione altamente qualificata.<\/span><\/p>\n<p>[\/et_pb_blurb][\/et_pb_column][et_pb_column type=&#8221;1_3&#8243; _builder_version=&#8221;4.16&#8243; custom_padding=&#8221;|||&#8221; global_colors_info=&#8221;{}&#8221; custom_padding__hover=&#8221;|||&#8221;][et_pb_blurb title=&#8221;MACCHINE ALL&#8217; AVANGUARDIA.&#8221; image=&#8221;https:\/\/metalvit.it\/wp-content\/uploads\/2026\/04\/cogs1.png&#8221; image_icon_width=&#8221;28%&#8221; _builder_version=&#8221;4.27.6&#8243; header_font=&#8221;Nunito Sans|700|||||||&#8221; header_text_align=&#8221;center&#8221; header_text_color=&#8221;#ffffff&#8221; header_font_size=&#8221;20px&#8221; header_line_height=&#8221;1.4em&#8221; body_font=&#8221;Nunito Sans||||||||&#8221; body_text_align=&#8221;center&#8221; body_text_color=&#8221;#ffffff&#8221; body_font_size=&#8221;18px&#8221; custom_margin_tablet=&#8221;50px||||false|false&#8221; custom_margin_phone=&#8221;50px||||false|false&#8221; custom_margin_last_edited=&#8221;on|phone&#8221; custom_padding=&#8221;|11px||11px||true&#8221; hover_enabled=&#8221;0&#8243; border_width_right=&#8221;1px&#8221; border_color_right=&#8221;rgba(255,255,255,0.3)&#8221; border_width_left=&#8221;1px&#8221; border_color_left=&#8221;rgba(0,0,0,0)&#8221; image_max_width=&#8221;28%&#8221; global_colors_info=&#8221;{}&#8221; title_text=&#8221;cogs1&#8243; sticky_enabled=&#8221;0&#8243;]<\/p>\n<p><span>Tutti i reparti, modernamente attrezzati, garantiscono un servizio agile ed efficiente per l\u2019approvvigionamento \u2018dal pronto\u2019<\/span><\/p>\n<p>[\/et_pb_blurb][\/et_pb_column][et_pb_column type=&#8221;1_3&#8243; _builder_version=&#8221;4.16&#8243; custom_padding=&#8221;|||&#8221; global_colors_info=&#8221;{}&#8221; custom_padding__hover=&#8221;|||&#8221;][et_pb_blurb title=&#8221;QUALITA&#8217; CERTIFICATA.&#8221; image=&#8221;https:\/\/metalvit.it\/wp-content\/uploads\/2026\/04\/assurance1.png&#8221; image_icon_width=&#8221;28%&#8221; _builder_version=&#8221;4.27.6&#8243; header_font=&#8221;Nunito Sans|700|||||||&#8221; header_text_align=&#8221;center&#8221; header_text_color=&#8221;#ffffff&#8221; header_font_size=&#8221;20px&#8221; header_line_height=&#8221;1.4em&#8221; body_font=&#8221;Nunito Sans||||||||&#8221; body_text_align=&#8221;center&#8221; body_text_color=&#8221;#ffffff&#8221; body_font_size=&#8221;18px&#8221; custom_margin_tablet=&#8221;50px||||false|false&#8221; custom_margin_phone=&#8221;50px||||false|false&#8221; custom_margin_last_edited=&#8221;on|phone&#8221; custom_padding=&#8221;|11px||11px||true&#8221; hover_enabled=&#8221;0&#8243; border_width_right=&#8221;1px&#8221; border_color_right=&#8221;rgba(255,255,255,0.3)&#8221; border_width_left=&#8221;1px&#8221; border_color_left=&#8221;rgba(0,0,0,0)&#8221; image_max_width=&#8221;28%&#8221; global_colors_info=&#8221;{}&#8221; title_text=&#8221;assurance1&#8243; sticky_enabled=&#8221;0&#8243;]<\/p>\n<p><span>La qualit\u00e0 \u00e8 sempre stata un &#8216;punto di forza&#8217; ed una irrinunciabile priorit\u00e0 della politica aziendale.<\/span><\/p>\n<p>[\/et_pb_blurb][\/et_pb_column][\/et_pb_row][\/et_pb_section]<\/p>\n","protected":false},"excerpt":{"rendered":"<p>Chi siamoMETALVIT nasce nel corso degli anni \u201950 in un piccolo paese alle porte di Milano. In quasi 70 anni di esperienza ha saputo crescere giorno dopo giorno incrementando il proprio fatturato e la propria tecnologia grazie a un know-how sempre moderno ed efficace che le ha permesso di commercializzare i suoi prodotti in diversi [&hellip;]<\/p>\n","protected":false},"author":1,"featured_media":0,"parent":0,"menu_order":0,"comment_status":"closed","ping_status":"closed","template":"","meta":{"_et_pb_use_builder":"on","_et_pb_old_content":"","_et_gb_content_width":"","footnotes":""},"class_list":["post-174","page","type-page","status-publish","hentry"],"_links":{"self":[{"href":"https:\/\/metalvit.it\/en\/wp-json\/wp\/v2\/pages\/174","targetHints":{"allow":["GET"]}}],"collection":[{"href":"https:\/\/metalvit.it\/en\/wp-json\/wp\/v2\/pages"}],"about":[{"href":"https:\/\/metalvit.it\/en\/wp-json\/wp\/v2\/types\/page"}],"author":[{"embeddable":true,"href":"https:\/\/metalvit.it\/en\/wp-json\/wp\/v2\/users\/1"}],"replies":[{"embeddable":true,"href":"https:\/\/metalvit.it\/en\/wp-json\/wp\/v2\/comments?post=174"}],"version-history":[{"count":40,"href":"https:\/\/metalvit.it\/en\/wp-json\/wp\/v2\/pages\/174\/revisions"}],"predecessor-version":[{"id":856,"href":"https:\/\/metalvit.it\/en\/wp-json\/wp\/v2\/pages\/174\/revisions\/856"}],"wp:attachment":[{"href":"https:\/\/metalvit.it\/en\/wp-json\/wp\/v2\/media?parent=174"}],"curies":[{"name":"wp","href":"https:\/\/api.w.org\/{rel}","templated":true}]}}